{"id":99,"date":"2017-04-04T10:47:39","date_gmt":"2017-04-04T08:47:39","guid":{"rendered":"http:\/\/kancelarialukowicz.jlvwbxdepr.cfolks.pl\/?page_id=99"},"modified":"2024-10-16T13:16:45","modified_gmt":"2024-10-16T11:16:45","slug":"home-2","status":"publish","type":"page","link":"https:\/\/kancelarialukowicz.pl\/","title":{"rendered":"Home 2"},"content":{"rendered":"<div class=\"wpb-content-wrapper\"><p>[vc_row css=&#8221;.vc_custom_1494251440772{padding-top: 100px !important;padding-bottom: 150px !important;background-color: #ffffff !important;}&#8221; el_id=&#8221;about&#8221;][vc_column css=&#8221;.vc_custom_1482165639284{padding-top: 40px !important;}&#8221;][vc_column_text css_animation=&#8221;top-to-bottom&#8221;]<\/p>\n<h1 style=\"text-align: center;\">Kim jeste\u015bmy i czym si\u0119 zajmujemy<\/h1>\n<p class=\"subHeader\" style=\"text-align: center;\">Krzysztof \u0141ukowicz \u2013 radca prawny<\/p>\n<p>[\/vc_column_text][vc_row_inner gap=&#8221;15&#8243; css=&#8221;.vc_custom_1482231672462{padding-top: 25px !important;}&#8221;][vc_column_inner][vc_column_text css_animation=&#8221;bottom-to-top&#8221;]W 2005 r. uko\u0144czy\u0142em aplikacj\u0119 s\u0105dow\u0105 i z\u0142o\u017cy\u0142em egzamin s\u0119dziowski. Od 2006 r. wykonuj\u0119 zaw\u00f3d radcy prawnego &#8211; od 2007 r. w ramach w\u0142asnej kancelarii.\u00a0 Prowadz\u0119 kompleksow\u0105 obs\u0142ug\u0119 prawn\u0105 przedsi\u0119biorc\u00f3w, w tym tak\u017ce podmiot\u00f3w medycznych (od 2006 r. wejherowskiego szpitala), wsp\u00f3lnot mieszkaniowych, a tak\u017ce \u015bwiadcz\u0119 pomoc prawn\u0105 osobom fizycznym.[\/vc_column_text][\/vc_column_inner][\/vc_row_inner][\/vc_column][\/vc_row][vc_row full_width=&#8221;stretch_row&#8221; parallax=&#8221;content-moving&#8221; parallax_image=&#8221;26&#8243; css=&#8221;.vc_custom_1482231439748{background-image: url(http:\/\/kancelarialukowicz.jlvwbxdepr.cfolks.pl\/wp-content\/uploads\/2016\/12\/Law_Photo.jpg?id=26) !important;background-position: center;background-repeat: no-repeat !important;background-size: cover !important;}&#8221;][vc_column][vc_row_inner css=&#8221;.vc_custom_1482231797721{padding-top: 100px !important;padding-bottom: 150px !important;}&#8221;][vc_column_inner width=&#8221;1\/2&#8243;][vc_column_text css_animation=&#8221;left-to-right&#8221;]<\/p>\n<h1 style=\"color: #ffffff; line-height: 1.5em;\">Tajemnica radcy prawnego, ubezpieczenie<\/h1>\n<p style=\"color: #ffffff;\">Jako radca prawny zobowi\u0105zany jestem do zachowania w tajemnicy wszelkich okoliczno\u015bci, o kt\u00f3rych dowiedzia\u0142em si\u0119 przy udzielaniu pomocy prawnej. Gwarantuj\u0105 to regulacje prawne dotycz\u0105ce zawodu radcy prawnego i zwi\u0105zane z tym instytucje prawne, w tym tak\u017ce moje cz\u0142onkostwo w samorz\u0105dzie zawodowym radc\u00f3w prawnych. Wykonuj\u0105c zaw\u00f3d radcy prawnego posiadam ubezpieczenie od odpowiedzialno\u015bci cywilnej<\/p>\n<p><a class=\"btn btn_blue\" style=\"color: #fff; margin-top: 15px; text-decoration: none;\" href=\"mailto:krzysztof_lukowicz@op.pl\">Zadaj pytanie<\/a>[\/vc_column_text][\/vc_column_inner][vc_column_inner width=&#8221;1\/2&#8243;][\/vc_column_inner][\/vc_row_inner][\/vc_column][\/vc_row][vc_row full_width=&#8221;stretch_row&#8221; css=&#8221;.vc_custom_1494251618790{padding-top: 100px !important;padding-bottom: 100px !important;background-color: #f2f2f2 !important;}&#8221; el_id=&#8221;spcialization&#8221;][vc_column css=&#8221;.vc_custom_1482165639284{padding-top: 40px !important;}&#8221;][vc_column_text css_animation=&#8221;top-to-bottom&#8221;]<\/p>\n<h1 style=\"text-align: center;\">Specjalizacja<\/h1>\n<p class=\"subHeader\" style=\"text-align: center;\">Poznaj dziedziny prawa, w kt\u00f3rych mo\u017cemy pom\u00f3c<\/p>\n<p>[\/vc_column_text][vc_row_inner gap=&#8221;15&#8243;][vc_column_inner width=&#8221;1\/3&#8243;][vc_column_text]<\/p>\n<h2 style=\"text-align: center;\">Obs\u0142uga prawna przedsi\u0119biorc\u00f3w<\/h2>\n<p style=\"text-align: center;\">Prowadzenie dzia\u0142alno\u015bci gospodarczej to codzienny kontakt z g\u0105szczem przepis\u00f3w prawnych. Warto skupi\u0107 si\u0119 na swojej dzia\u0142alno\u015bci, pozostawiaj\u0105c stron\u0119 prawn\u0105 profesjonali\u015bcie.<\/p>\n<p>[\/vc_column_text][\/vc_column_inner][vc_column_inner width=&#8221;1\/3&#8243;][vc_column_text]<\/p>\n<h2 style=\"text-align: center;\">Prawo medyczne<\/h2>\n<p style=\"text-align: center;\">Specjalizuj\u0119 si\u0119 w prawie medycznym. Prowadz\u0119 kompleksow\u0105 obs\u0142ug\u0105 prawn\u0105 podmiot\u00f3w leczniczych, a tak\u017ce sprawy odszkodowawcze zwi\u0105zane z dzia\u0142alno\u015bci\u0105 medyczn\u0105 (szkody medyczne).<\/p>\n<p>[\/vc_column_text][\/vc_column_inner][vc_column_inner width=&#8221;1\/3&#8243;][vc_column_text]<\/p>\n<h2 style=\"text-align: center;\">Wynagrodzenie<\/h2>\n<p style=\"text-align: center;\">Moje honorarium ustalane jest indywidualnie z klientem, bior\u0105c pod uwag\u0119 w szczeg\u00f3lno\u015bci charakter spraw, stopie\u0144 ich skomplikowania, pracoch\u0142onno\u015b\u0107.<\/p>\n<p>[\/vc_column_text][\/vc_column_inner][\/vc_row_inner][\/vc_column][\/vc_row][vc_row full_width=&#8221;stretch_row&#8221; css=&#8221;.vc_custom_1494251724419{padding-top: 100px !important;padding-bottom: 100px !important;background: #ffffff url(http:\/\/kancelarialukowicz.jlvwbxdepr.cfolks.pl\/wp-content\/uploads\/2017\/04\/4.jpg?id=111) !important;background-position: center !important;background-repeat: no-repeat !important;background-size: cover !important;}&#8221; el_id=&#8221;representation&#8221;][vc_column css=&#8221;.vc_custom_1482165639284{padding-top: 40px !important;}&#8221;][vc_column_text css_animation=&#8221;top-to-bottom&#8221;]<\/p>\n<h1 style=\"text-align: center; color: #ffffff;\">Reprezentacja przed s\u0105dami<\/h1>\n<p>[\/vc_column_text][vc_column_text]<\/p>\n<p class=\"subHeader\" style=\"text-align: center; color: #ffffff;\">Reprezentacja przed s\u0105dami powszechnymi, administracyjnymi, ubezpieczycielami, organami administracji publicznej i samorz\u0105dowej, w tym:<\/p>\n<p>[\/vc_column_text][vc_row_inner gap=&#8221;15&#8243; css=&#8221;.vc_custom_1492609534480{background-color: rgba(0,0,0,0.5) !important;*background-color: rgb(0,0,0) !important;}&#8221;][vc_column_inner width=&#8221;1\/3&#8243; css=&#8221;.vc_custom_1492608388068{padding-top: 50px !important;padding-bottom: 50px !important;}&#8221;][vc_column_text css=&#8221;.vc_custom_1502268898498{padding-top: 25px !important;padding-bottom: 25px !important;}&#8221;]<img loading=\"lazy\" decoding=\"async\" class=\"size-full wp-image-113 aligncenter\" src=\"http:\/\/kancelarialukowicz.jlvwbxdepr.cfolks.pl\/wp-content\/uploads\/2017\/04\/Kancelaria.png\" alt=\"Kancelaria Prawna Wejherowo Krzyszto\u0142 \u0141ukowicz\" width=\"100\" height=\"100\" srcset=\"https:\/\/kancelarialukowicz.pl\/wp-content\/uploads\/2017\/04\/Kancelaria.png 200w, https:\/\/kancelarialukowicz.pl\/wp-content\/uploads\/2017\/04\/Kancelaria-150x150.png 150w\" sizes=\"(max-width: 100px) 100vw, 100px\" \/><\/p>\n<h2 style=\"text-align: center; color: #ffffff;\">W\u00a0sprawach o zap\u0142at\u0119<\/h2>\n<p>[\/vc_column_text][\/vc_column_inner][vc_column_inner width=&#8221;1\/3&#8243; css=&#8221;.vc_custom_1492608399467{padding-top: 50px !important;padding-bottom: 50px !important;}&#8221;][vc_column_text css=&#8221;.vc_custom_1502268904592{padding-top: 25px !important;padding-bottom: 25px !important;}&#8221;]<img loading=\"lazy\" decoding=\"async\" class=\"size-full wp-image-113 aligncenter\" src=\"http:\/\/kancelarialukowicz.jlvwbxdepr.cfolks.pl\/wp-content\/uploads\/2017\/04\/Kancelaria.png\" alt=\"Kancelaria Prawna Wejherowo Krzyszto\u0142 \u0141ukowicz\" width=\"100\" height=\"100\" srcset=\"https:\/\/kancelarialukowicz.pl\/wp-content\/uploads\/2017\/04\/Kancelaria.png 200w, https:\/\/kancelarialukowicz.pl\/wp-content\/uploads\/2017\/04\/Kancelaria-150x150.png 150w\" sizes=\"(max-width: 100px) 100vw, 100px\" \/><\/p>\n<h2 style=\"text-align: center; color: #ffffff;\">W\u00a0sprawach dotycz\u0105cych nieruchomo\u015bci,<br \/>\nw tym o zasiedzenie<\/h2>\n<p>[\/vc_column_text][\/vc_column_inner][vc_column_inner width=&#8221;1\/3&#8243; css=&#8221;.vc_custom_1492608410074{padding-top: 50px !important;padding-bottom: 50px !important;}&#8221;][vc_column_text]<img loading=\"lazy\" decoding=\"async\" class=\"size-full wp-image-113 aligncenter\" src=\"http:\/\/kancelarialukowicz.jlvwbxdepr.cfolks.pl\/wp-content\/uploads\/2017\/04\/Kancelaria.png\" alt=\"Kancelaria Prawna Wejherowo Krzyszto\u0142 \u0141ukowicz\" width=\"100\" height=\"100\" srcset=\"https:\/\/kancelarialukowicz.pl\/wp-content\/uploads\/2017\/04\/Kancelaria.png 200w, https:\/\/kancelarialukowicz.pl\/wp-content\/uploads\/2017\/04\/Kancelaria-150x150.png 150w\" sizes=\"(max-width: 100px) 100vw, 100px\" \/><\/p>\n<h2 style=\"text-align: center; color: #ffffff;\">W\u00a0sprawach spadkowych<\/h2>\n<p>[\/vc_column_text][\/vc_column_inner][\/vc_row_inner][vc_row_inner gap=&#8221;15&#8243; css=&#8221;.vc_custom_1492609539421{background-color: rgba(0,0,0,0.5) !important;*background-color: rgb(0,0,0) !important;}&#8221;][vc_column_inner width=&#8221;1\/3&#8243; css=&#8221;.vc_custom_1492608394051{padding-top: 50px !important;padding-bottom: 50px !important;}&#8221;][vc_column_text]<img loading=\"lazy\" decoding=\"async\" class=\"size-full wp-image-113 aligncenter\" src=\"http:\/\/kancelarialukowicz.jlvwbxdepr.cfolks.pl\/wp-content\/uploads\/2017\/04\/Kancelaria.png\" alt=\"Kancelaria Prawna Wejherowo Krzyszto\u0142 \u0141ukowicz\" width=\"100\" height=\"100\" srcset=\"https:\/\/kancelarialukowicz.pl\/wp-content\/uploads\/2017\/04\/Kancelaria.png 200w, https:\/\/kancelarialukowicz.pl\/wp-content\/uploads\/2017\/04\/Kancelaria-150x150.png 150w\" sizes=\"(max-width: 100px) 100vw, 100px\" \/><\/p>\n<h2 style=\"text-align: center; color: #ffffff;\">W\u00a0sprawach o zap\u0142at\u0119 odszkodowania, zado\u015b\u0107uczynienia, renty<\/h2>\n<p>[\/vc_column_text][\/vc_column_inner][vc_column_inner width=&#8221;1\/3&#8243; css=&#8221;.vc_custom_1492608404323{padding-top: 50px !important;padding-bottom: 50px !important;}&#8221;][vc_column_text]<img loading=\"lazy\" decoding=\"async\" class=\"size-full wp-image-113 aligncenter\" src=\"http:\/\/kancelarialukowicz.jlvwbxdepr.cfolks.pl\/wp-content\/uploads\/2017\/04\/Kancelaria.png\" alt=\"Kancelaria Prawna Wejherowo Krzyszto\u0142 \u0141ukowicz\" width=\"100\" height=\"100\" srcset=\"https:\/\/kancelarialukowicz.pl\/wp-content\/uploads\/2017\/04\/Kancelaria.png 200w, https:\/\/kancelarialukowicz.pl\/wp-content\/uploads\/2017\/04\/Kancelaria-150x150.png 150w\" sizes=\"(max-width: 100px) 100vw, 100px\" \/><\/p>\n<h2 style=\"text-align: center; color: #ffffff;\">W sprawach o zniesienie wsp\u00f3\u0142w\u0142asno\u015bci<\/h2>\n<p>[\/vc_column_text][\/vc_column_inner][vc_column_inner width=&#8221;1\/3&#8243; css=&#8221;.vc_custom_1492608417547{padding-top: 50px !important;padding-bottom: 50px !important;}&#8221;][vc_column_text]<img loading=\"lazy\" decoding=\"async\" class=\"size-full wp-image-113 aligncenter\" src=\"http:\/\/kancelarialukowicz.jlvwbxdepr.cfolks.pl\/wp-content\/uploads\/2017\/04\/Kancelaria.png\" alt=\"Kancelaria Prawna Wejherowo Krzyszto\u0142 \u0141ukowicz\" width=\"100\" height=\"100\" srcset=\"https:\/\/kancelarialukowicz.pl\/wp-content\/uploads\/2017\/04\/Kancelaria.png 200w, https:\/\/kancelarialukowicz.pl\/wp-content\/uploads\/2017\/04\/Kancelaria-150x150.png 150w\" sizes=\"(max-width: 100px) 100vw, 100px\" \/><\/p>\n<h2 style=\"text-align: center; color: #ffffff;\">\u00a0<i>W sprawach o podzia\u0142 maj\u0105tku, dzia\u0142 spadku<\/i><i><br \/>\n<\/i><\/h2>\n<p>[\/vc_column_text][\/vc_column_inner][\/vc_row_inner][\/vc_column][\/vc_row][vc_row full_width=&#8221;stretch_row&#8221; css=&#8221;.vc_custom_1494251950293{padding-top: 100px !important;padding-bottom: 50px !important;background-color: #f2f2f2 !important;}&#8221; el_id=&#8221;contact&#8221;][vc_column css=&#8221;.vc_custom_1482165639284{padding-top: 40px !important;}&#8221;][vc_column_text css_animation=&#8221;top-to-bottom&#8221;]<\/p>\n<h1 style=\"text-align: center;\">Gdzie nas znajdziesz<\/h1>\n<p>[\/vc_column_text][vc_toggle title=&#8221;Kontakt&#8221; open=&#8221;true&#8221; css=&#8221;&#8221; el_id=&#8221;1498828278983-cbae2cc4-152b&#8221;]<\/p>\n<h1 style=\"text-align: center;\">Krzysztof \u0141ukowicz<br \/>\nKancelaria radcy prawnego<\/h1>\n<p style=\"text-align: center;\">84-200 Wejherowo<br \/>\nul. Wa\u0142owa 28C\/L14<\/p>\n<p style=\"text-align: center;\">+48 600 286 458<\/p>\n<p style=\"text-align: center;\"><a href=\"mailto: krzysztof@kancelarialukowicz.jlvwbxdepr.cfolks.pl\">krzysztof@kancelarialukowicz.pl<\/a><\/p>\n<p>[\/vc_toggle][vc_gmaps link=&#8221;#E-8_JTNDaWZyYW1lJTIwc3JjJTNEJTIyaHR0cHMlM0ElMkYlMkZ3d3cuZ29vZ2xlLmNvbSUyRm1hcHMlMkZlbWJlZCUzRnBiJTNEJTIxMW0xNCUyMTFtOCUyMTFtMyUyMTFkMzg4Ni44MzMxMjg4NjM1MTYzJTIxMmQxOC4yNDI5NTE1NjMzMjA4MzMlMjEzZDU0LjYwMTc5MzkzNjUyMTgxJTIxM20yJTIxMWkxMDI0JTIxMmk3NjglMjE0ZjEzLjElMjEzbTMlMjExbTIlMjExczB4MCUyNTNBMHhjZmI0MDAwMjIwMzExYmMlMjEyc0thbmNlbGFyaWElMkJSYWRjeSUyQlByYXduZWdvJTJCS3J6eXN6dG9mJTJCJTI1QzUlMjU4MXVrb3dpY3olMjE1ZTAlMjEzbTIlMjExc3BsJTIxMnNwbCUyMTR2MTQ4MjE3MDM0MjAyNiUyMiUyMHdpZHRoJTNEJTIyODAwJTIyJTIwaGVpZ2h0JTNEJTIyNjAwJTIyJTIwZnJhbWVib3JkZXIlM0QlMjIwJTIyJTIwc3R5bGUlM0QlMjJib3JkZXIlM0EwJTIyJTIwYWxsb3dmdWxsc2NyZWVuJTNFJTNDJTJGaWZyYW1lJTNF&#8221;][\/vc_column][\/vc_row]<\/p>\n<\/div>","protected":false},"excerpt":{"rendered":"<p>[vc_row css=&#8221;.vc_custom_1494251440772{padding-top: 100px !important;padding-bottom: 150px !important;background-color: #ffffff !important;}&#8221; el_id=&#8221;about&#8221;][vc_column css=&#8221;.vc_custom_1482165639284{padding-top: 40px !important;}&#8221;][vc_column_text css_animation=&#8221;top-to-bottom&#8221;] Kim jeste\u015bmy i czym si\u0119 zajmujemy Krzysztof \u0141ukowicz \u2013 radca prawny [\/vc_column_text][vc_row_inner gap=&#8221;15&#8243; css=&#8221;.vc_custom_1482231672462{padding-top: 25px !important;}&#8221;][vc_column_inner][vc_column_text css_animation=&#8221;bottom-to-top&#8221;]W 2005 r. uko\u0144czy\u0142em aplikacj\u0119 s\u0105dow\u0105 i z\u0142o\u017cy\u0142em egzamin s\u0119dziowski. Od 2006 r. wykonuj\u0119 zaw\u00f3d radcy prawnego &#8211; od 2007 r. w ramach w\u0142asnej kancelarii.\u00a0 Prowadz\u0119 [&hellip;]<\/p>\n","protected":false},"author":1,"featured_media":0,"parent":0,"menu_order":0,"comment_status":"closed","ping_status":"closed","template":"no-sidebar-page.php","meta":{"footnotes":""},"class_list":["post-99","page","type-page","status-publish","hentry"],"aioseo_notices":[],"_links":{"self":[{"href":"https:\/\/kancelarialukowicz.pl\/index.php\/wp-json\/wp\/v2\/pages\/99"}],"collection":[{"href":"https:\/\/kancelarialukowicz.pl\/index.php\/wp-json\/wp\/v2\/pages"}],"about":[{"href":"https:\/\/kancelarialukowicz.pl\/index.php\/wp-json\/wp\/v2\/types\/page"}],"author":[{"embeddable":true,"href":"https:\/\/kancelarialukowicz.pl\/index.php\/wp-json\/wp\/v2\/users\/1"}],"replies":[{"embeddable":true,"href":"https:\/\/kancelarialukowicz.pl\/index.php\/wp-json\/wp\/v2\/comments?post=99"}],"version-history":[{"count":24,"href":"https:\/\/kancelarialukowicz.pl\/index.php\/wp-json\/wp\/v2\/pages\/99\/revisions"}],"predecessor-version":[{"id":133,"href":"https:\/\/kancelarialukowicz.pl\/index.php\/wp-json\/wp\/v2\/pages\/99\/revisions\/133"}],"wp:attachment":[{"href":"https:\/\/kancelarialukowicz.pl\/index.php\/wp-json\/wp\/v2\/media?parent=99"}],"curies":[{"name":"wp","href":"https:\/\/api.w.org\/{rel}","templated":true}]}}